{"id":318,"date":"2024-02-07T13:59:33","date_gmt":"2024-02-07T12:59:33","guid":{"rendered":"https:\/\/umeleckakoloniejosefov.cz\/?page_id=318"},"modified":"2024-05-23T10:14:26","modified_gmt":"2024-05-23T08:14:26","slug":"vojtech-jirasko","status":"publish","type":"page","link":"https:\/\/umeleckakoloniejosefov.cz\/index.php\/umelecka-kolonie\/umelci\/vojtech-jirasko\/","title":{"rendered":"VOJT\u011aCH JIR\u00c1SKO"},"content":{"rendered":"\n<p><a href=\"https:\/\/www.bastionivjosefov.com\/umelci\"><\/a><\/p>\n\n\n\n<div class=\"wp-block-columns is-layout-flex wp-container-core-columns-is-layout-9d6595d7 wp-block-columns-is-layout-flex\">\n<div class=\"wp-block-column is-layout-flow wp-block-column-is-layout-flow\" style=\"flex-basis:66.66%\">\n<h3 class=\"wp-block-heading\"><strong>Kresl\u00ed\u0159, grafik, m\u011bditepec<\/strong><\/h3>\n\n\n\n<p>\u200b<\/p>\n\n\n\n<p>Nejv\u00edce se c\u00edt\u00edm kresl\u00ed\u0159em, grafikem (nezam\u011b\u0148ovat s po\u010d\u00edta\u010dov\u00fdm grafikem), d\u00e1le m\u011bditepcem \u2013 jsem takov\u00fd zhotovitel neutilit\u00e1rn\u00edch v\u011bc\u00ed. Shrnuto \u2013 cosi jako pozorovatel kr\u00e1sy stvo\u0159en\u00ed s obses\u00ed vtisk\u00e1vat tato pozorov\u00e1n\u00ed do iluzivn\u00edho prostoru.<\/p>\n\n\n\n<p>M\u011bditepectv\u00ed mi bylo leta zdrojem ob\u017eivy, nyn\u00ed je to pozice u\u010ditelsk\u00e1 &#8211; u\u010d\u00edm kresbu.<\/p>\n\n\n\n<p>V\u00edce se v\u011bnuji ilustraci, tud\u00ed\u017e hlavn\u00ed inspirac\u00ed je text. Vyhovuj\u00ed mi texty poh\u00e1dkov\u00e9, poetick\u00e9, bizarn\u00ed. Je to sice \u010dinnost z\u00e1visl\u00e1, ale neb na n\u00ed nez\u00e1vis\u00ed m\u00e9 \u017eivobyt\u00ed, mohu ji provozovat sv\u00fdm zp\u016fsobem nez\u00e1visle. Forma je ov\u0161em klasick\u00e1 a\u017e konzervativn\u00ed.<\/p>\n\n\n\n<p>Do Josefova m\u011b osud zav\u00e1l je\u0161t\u011b p\u0159ed vznikem spolku, v dob\u011b, kdy zde pracoval Petr, Obr, zjevovala se tu Mark\u00e9ta. Oni mi pomohli z\u00edskat prostor pro d\u00edlnu a Spolek se pozd\u011bji stal jist\u00fdm n\u00e1strojem, jak z\u00edskat a udr\u017eet Bastion jako prostor pro d\u00edlny, ateli\u00e9ry a \u010dinnosti kulturn\u00edho charakteru \u2013 v p\u0159\u00e1telsk\u00e9m duchu urob si s\u00e1m a t\u0159eba se n\u011bkdo p\u0159id\u00e1.<\/p>\n\n\n\n<p>V roce 2021 jsme se s rodinou p\u0159esunuli do Nov\u00e9 Paky, co\u017e je m\u00e1 domovsk\u00e1 stanice, a do Josefova zaj\u00ed\u017ed\u00edm m\u00e1lo a nepravideln\u011b, ov\u0161em vl\u00e1kna poj\u00edc\u00ed m\u011b k tomuto specifick\u00e9mu a exkluzivn\u00edmu m\u00edstu chci udr\u017eet.<\/p>\n\n\n\n<p><strong>Vydan\u00e9 knihy&nbsp;<\/strong><\/p>\n\n\n\n<p>Litevsk\u00e9 poh\u00e1dky<br>B. Spr\u00e1vcov\u00e1 \u2013 V\u00fdchod, Trigon<br>F. Nov\u00e1k \u2013 V\u00fdstup na horu \u0164ululum, Malvern<br>I. Chochol\u00e1\u010d \u2013 Vezm\u011bte m\u011b s sebou, cesty, Trigon<br>Natura Morta \u2013 pexeso-atlas lebek<\/p>\n<\/div>\n\n\n\n<div class=\"wp-block-column is-layout-flow wp-block-column-is-layout-flow\" style=\"flex-basis:33.33%\"><div class=\"wp-block-image\">\n<figure class=\"aligncenter size-full\"><img loading=\"lazy\" decoding=\"async\" width=\"280\" height=\"280\" src=\"https:\/\/umeleckakoloniejosefov.cz\/wp-content\/uploads\/2024\/01\/clenove-3.png\" alt=\"\" class=\"wp-image-203\" srcset=\"https:\/\/umeleckakoloniejosefov.cz\/wp-content\/uploads\/2024\/01\/clenove-3.png 280w, https:\/\/umeleckakoloniejosefov.cz\/wp-content\/uploads\/2024\/01\/clenove-3-150x150.png 150w\" sizes=\"auto, (max-width: 280px) 100vw, 280px\" \/><\/figure>\n<\/div>\n\n\n<div style=\"height:10px\" aria-hidden=\"true\" class=\"wp-block-spacer\"><\/div>\n\n\n\n<div class=\"wp-block-buttons is-content-justification-center is-layout-flex wp-container-core-buttons-is-layout-16018d1d wp-block-buttons-is-layout-flex\">\n<div class=\"wp-block-button\"><a class=\"wp-block-button__link has-background wp-element-button\" style=\"background-color:#5f2209\">Web Vojty Jir\u00e1ska<\/a><\/div>\n<\/div>\n<\/div>\n<\/div>\n","protected":false},"excerpt":{"rendered":"<p>Kresl\u00ed\u0159, grafik, m\u011bditepec \u200b Nejv\u00edce se c\u00edt\u00edm kresl\u00ed\u0159em, grafikem (nezam\u011b\u0148ovat s po\u010d\u00edta\u010dov\u00fdm grafikem), d\u00e1le m\u011bditepcem \u2013 jsem takov\u00fd zhotovitel neutilit\u00e1rn\u00edch v\u011bc\u00ed. Shrnuto \u2013 cosi jako pozorovatel kr\u00e1sy stvo\u0159en\u00ed s obses\u00ed [&hellip;]<\/p>\n","protected":false},"author":1,"featured_media":0,"parent":82,"menu_order":9,"comment_status":"closed","ping_status":"closed","template":"page-fullwidth.php","meta":{"footnotes":""},"class_list":["post-318","page","type-page","status-publish","hentry"],"_links":{"self":[{"href":"https:\/\/umeleckakoloniejosefov.cz\/index.php\/wp-json\/wp\/v2\/pages\/318","targetHints":{"allow":["GET"]}}],"collection":[{"href":"https:\/\/umeleckakoloniejosefov.cz\/index.php\/wp-json\/wp\/v2\/pages"}],"about":[{"href":"https:\/\/umeleckakoloniejosefov.cz\/index.php\/wp-json\/wp\/v2\/types\/page"}],"author":[{"embeddable":true,"href":"https:\/\/umeleckakoloniejosefov.cz\/index.php\/wp-json\/wp\/v2\/users\/1"}],"replies":[{"embeddable":true,"href":"https:\/\/umeleckakoloniejosefov.cz\/index.php\/wp-json\/wp\/v2\/comments?post=318"}],"version-history":[{"count":4,"href":"https:\/\/umeleckakoloniejosefov.cz\/index.php\/wp-json\/wp\/v2\/pages\/318\/revisions"}],"predecessor-version":[{"id":792,"href":"https:\/\/umeleckakoloniejosefov.cz\/index.php\/wp-json\/wp\/v2\/pages\/318\/revisions\/792"}],"up":[{"embeddable":true,"href":"https:\/\/umeleckakoloniejosefov.cz\/index.php\/wp-json\/wp\/v2\/pages\/82"}],"wp:attachment":[{"href":"https:\/\/umeleckakoloniejosefov.cz\/index.php\/wp-json\/wp\/v2\/media?parent=318"}],"curies":[{"name":"wp","href":"https:\/\/api.w.org\/{rel}","templated":true}]}}