{"id":210,"date":"2024-01-18T14:14:27","date_gmt":"2024-01-18T13:14:27","guid":{"rendered":"https:\/\/umeleckakoloniejosefov.cz\/?page_id=210"},"modified":"2024-01-18T14:14:27","modified_gmt":"2024-01-18T13:14:27","slug":"prihlaseni-pro-cleny-kolonie","status":"publish","type":"page","link":"https:\/\/umeleckakoloniejosefov.cz\/prihlaseni-pro-cleny-kolonie\/","title":{"rendered":"P\u0159ihl\u00e1\u0161en\u00ed pro \u010dleny kolonie"},"content":{"rendered":"<div class=\"logged-out wp-block-loginout\"><a href=\"https:\/\/umeleckakoloniejosefov.cz\/wp-login.php?redirect_to=https%3A%2F%2Fumeleckakoloniejosefov.cz%2Findex.php%2Fwp-json%2Fwp%2Fv2%2Fpages%2F210\">P\u0159ihl\u00e1sit se<\/a><\/div>","protected":false},"excerpt":{"rendered":"","protected":false},"author":1,"featured_media":0,"parent":0,"menu_order":33,"comment_status":"closed","ping_status":"closed","template":"","meta":{"footnotes":""},"class_list":["post-210","page","type-page","status-publish","hentry"],"_links":{"self":[{"href":"https:\/\/umeleckakoloniejosefov.cz\/wp-json\/wp\/v2\/pages\/210","targetHints":{"allow":["GET"]}}],"collection":[{"href":"https:\/\/umeleckakoloniejosefov.cz\/wp-json\/wp\/v2\/pages"}],"about":[{"href":"https:\/\/umeleckakoloniejosefov.cz\/wp-json\/wp\/v2\/types\/page"}],"author":[{"embeddable":true,"href":"https:\/\/umeleckakoloniejosefov.cz\/wp-json\/wp\/v2\/users\/1"}],"replies":[{"embeddable":true,"href":"https:\/\/umeleckakoloniejosefov.cz\/wp-json\/wp\/v2\/comments?post=210"}],"version-history":[{"count":0,"href":"https:\/\/umeleckakoloniejosefov.cz\/wp-json\/wp\/v2\/pages\/210\/revisions"}],"wp:attachment":[{"href":"https:\/\/umeleckakoloniejosefov.cz\/wp-json\/wp\/v2\/media?parent=210"}],"curies":[{"name":"wp","href":"https:\/\/api.w.org\/{rel}","templated":true}]}}