{"id":12,"date":"2024-01-01T19:18:24","date_gmt":"2024-01-01T18:18:24","guid":{"rendered":"https:\/\/umeleckakoloniejosefov.cz\/?page_id=12"},"modified":"2026-04-09T11:49:44","modified_gmt":"2026-04-09T09:49:44","slug":"uvodni-stranka","status":"publish","type":"page","link":"https:\/\/umeleckakoloniejosefov.cz\/","title":{"rendered":"\u00davodn\u00ed str\u00e1nka"},"content":{"rendered":"\n<div class=\"wp-block-group alignfull is-layout-flow wp-block-group-is-layout-flow\">\n<\/div>\n\n\n\n<figure class=\"wp-block-image alignfull size-full\" style=\"margin-top:-5px\"><img loading=\"lazy\" decoding=\"async\" width=\"1536\" height=\"92\" src=\"https:\/\/umeleckakoloniejosefov.cz\/wp-content\/uploads\/2026\/02\/cihla-nova.webp\" alt=\"\" class=\"wp-image-5754\" srcset=\"https:\/\/umeleckakoloniejosefov.cz\/wp-content\/uploads\/2026\/02\/cihla-nova.webp 1536w, https:\/\/umeleckakoloniejosefov.cz\/wp-content\/uploads\/2026\/02\/cihla-nova-300x18.webp 300w, https:\/\/umeleckakoloniejosefov.cz\/wp-content\/uploads\/2026\/02\/cihla-nova-1024x61.webp 1024w, https:\/\/umeleckakoloniejosefov.cz\/wp-content\/uploads\/2026\/02\/cihla-nova-768x46.webp 768w\" sizes=\"auto, (max-width: 1536px) 100vw, 1536px\" \/><\/figure>\n\n\n\n<div class=\"wp-block-group alignfull has-global-padding is-layout-constrained wp-container-core-group-is-layout-ebee8dc1 wp-block-group-is-layout-constrained\" style=\"margin-top:0;margin-bottom:0;padding-top:var(--wp--preset--spacing--50);padding-bottom:var(--wp--preset--spacing--50)\">\n<h2 class=\"wp-block-heading alignwide has-text-align-center\">N\u00e1v\u0161t\u011bva Um\u011bleck\u00e9 kolonie<\/h2>\n\n\n\n<div class=\"wp-block-columns alignwide is-layout-flex wp-container-core-columns-is-layout-28f84493 wp-block-columns-is-layout-flex\">\n<div class=\"wp-block-column is-layout-flow wp-block-column-is-layout-flow\">\n<figure class=\"wp-block-image size-full\" style=\"margin-bottom:24px\"><a href=\"https:\/\/umeleckakoloniejosefov.cz\/?page_id=82\"><img loading=\"lazy\" decoding=\"async\" width=\"280\" height=\"280\" src=\"https:\/\/umeleckakoloniejosefov.cz\/wp-content\/uploads\/2026\/02\/clenove-3.png\" alt=\"\" class=\"wp-image-1362\" style=\"aspect-ratio:4\/3;object-fit:cover\" srcset=\"https:\/\/umeleckakoloniejosefov.cz\/wp-content\/uploads\/2026\/02\/clenove-3.png 280w, https:\/\/umeleckakoloniejosefov.cz\/wp-content\/uploads\/2026\/02\/clenove-3-150x150.png 150w\" sizes=\"auto, (max-width: 280px) 100vw, 280px\" \/><\/a><\/figure>\n\n\n\n<h3 class=\"wp-block-heading\">Um\u011blci a ateli\u00e9ry<br><\/h3>\n\n\n\n<p class=\"has-medium-font-size\">Um\u011blci r\u016fzn\u00e9ho zam\u011b\u0159en\u00ed zde maj\u00ed sv\u00e9 ateli\u00e9ry a d\u00edlny. Prohl\u00e9dnout si m\u016f\u017eete i dal\u0161\u00ed inspirativn\u00ed historick\u00e9 prostory.<\/p>\n<\/div>\n\n\n\n<div class=\"wp-block-column is-layout-flow wp-block-column-is-layout-flow\">\n<figure class=\"wp-block-image size-full\" style=\"margin-bottom:24px\"><a href=\"https:\/\/umeleckakoloniejosefov.cz\/?page_id=109\"><img loading=\"lazy\" decoding=\"async\" width=\"279\" height=\"279\" src=\"https:\/\/umeleckakoloniejosefov.cz\/wp-content\/uploads\/2026\/02\/navsteva-1.png\" alt=\"\" class=\"wp-image-1363\" style=\"aspect-ratio:4\/3;object-fit:cover\" srcset=\"https:\/\/umeleckakoloniejosefov.cz\/wp-content\/uploads\/2026\/02\/navsteva-1.png 279w, https:\/\/umeleckakoloniejosefov.cz\/wp-content\/uploads\/2026\/02\/navsteva-1-150x150.png 150w\" sizes=\"auto, (max-width: 279px) 100vw, 279px\" \/><\/a><\/figure>\n\n\n\n<h3 class=\"wp-block-heading\">St\u00e1l\u00e1 expozice a prohl\u00eddky<\/h3>\n\n\n\n<p class=\"has-medium-font-size\">St\u00e1l\u00e9 expozice, n\u011bkolik galeri\u00ed, kr\u00e1tkodob\u00e9 v\u00fdstavy a v letn\u00ed sez\u00f3n\u011b tak\u00e9 prohl\u00eddkov\u00fd okruh s pr\u016fvodcem.<\/p>\n<\/div>\n\n\n\n<div class=\"wp-block-column is-layout-flow wp-block-column-is-layout-flow\">\n<figure class=\"wp-block-image size-full\" style=\"margin-bottom:24px\"><a href=\"https:\/\/umeleckakoloniejosefov.cz\/?page_id=36\"><img loading=\"lazy\" decoding=\"async\" width=\"280\" height=\"280\" src=\"https:\/\/umeleckakoloniejosefov.cz\/wp-content\/uploads\/2026\/02\/kdo-jsme-4.jpg\" alt=\"\" class=\"wp-image-1364\" style=\"aspect-ratio:4\/3;object-fit:cover\" srcset=\"https:\/\/umeleckakoloniejosefov.cz\/wp-content\/uploads\/2026\/02\/kdo-jsme-4.jpg 280w, https:\/\/umeleckakoloniejosefov.cz\/wp-content\/uploads\/2026\/02\/kdo-jsme-4-150x150.jpg 150w\" sizes=\"auto, (max-width: 280px) 100vw, 280px\" \/><\/a><\/figure>\n\n\n\n<h3 class=\"wp-block-heading\">Bohat\u00fd program<br><\/h3>\n\n\n\n<p class=\"has-medium-font-size\">Po\u0159\u00e1d\u00e1me kulturn\u00ed akce pro ve\u0159ejnost, nap\u0159. vernis\u00e1\u017ee, koncerty, liter\u00e1rn\u00ed a filmov\u00e9 ve\u010dery, Adventn\u00ed jarmark atd.<\/p>\n<\/div>\n\n\n\n<div class=\"wp-block-column is-layout-flow wp-block-column-is-layout-flow\">\n<figure class=\"wp-block-image size-full\" style=\"margin-bottom:24px\"><img loading=\"lazy\" decoding=\"async\" width=\"280\" height=\"280\" src=\"https:\/\/umeleckakoloniejosefov.cz\/wp-content\/uploads\/2026\/02\/galerie-soch.jpg\" alt=\"\" class=\"wp-image-1365\" style=\"aspect-ratio:4\/3;object-fit:cover\" srcset=\"https:\/\/umeleckakoloniejosefov.cz\/wp-content\/uploads\/2026\/02\/galerie-soch.jpg 280w, https:\/\/umeleckakoloniejosefov.cz\/wp-content\/uploads\/2026\/02\/galerie-soch-150x150.jpg 150w\" sizes=\"auto, (max-width: 280px) 100vw, 280px\" \/><\/figure>\n\n\n\n<h3 class=\"wp-block-heading\">Workshopy a kurzy<br><\/h3>\n\n\n\n<p class=\"has-medium-font-size\">Pravideln\u00e9 kurzy kresby aktu, tv\u016fr\u010d\u00ed d\u00edlny pro d\u011bti, modrotisk, v\u00fdroba hudebn\u00edch n\u00e1stroj\u016f, studentsk\u00e9 plen\u00e9ry\u2026<\/p>\n<\/div>\n<\/div>\n<\/div>\n\n\n\n<div class=\"wp-block-group alignfull is-style-default is-content-justification-center is-nowrap is-layout-flex wp-container-core-group-is-layout-de407428 wp-block-group-is-layout-flex\" style=\"padding-top:var(--wp--preset--spacing--20);padding-right:var(--wp--preset--spacing--20);padding-bottom:var(--wp--preset--spacing--20);padding-left:var(--wp--preset--spacing--20)\">\n<div class=\"wp-block-columns are-vertically-aligned-center is-layout-flex wp-container-core-columns-is-layout-cf05694f wp-block-columns-is-layout-flex\">\n<div class=\"wp-block-column is-vertically-aligned-center is-layout-flow wp-block-column-is-layout-flow\" style=\"flex-basis:50%\">\n<div class=\"wp-block-query is-layout-flow wp-block-query-is-layout-flow\"><ul class=\"wp-block-post-template is-layout-flow wp-block-post-template-is-layout-flow\"><li class=\"wp-block-post post-6519 post type-post status-publish format-standard has-post-thumbnail hentry category-nezarazene\">\n<h2 class=\"wp-block-post-title\">Woody Allen: V\u0161echno, co jste kdy cht\u011bli v\u011bdet o sexu &#8230;<\/h2>\n\n<div class=\"wp-block-post-date\"><time datetime=\"2026-04-10T13:50:56+02:00\">10. 4. 2026<\/time><\/div>\n\n<figure style=\"aspect-ratio:1;height:300px;\" class=\"wp-block-post-featured-image\"><a href=\"https:\/\/umeleckakoloniejosefov.cz\/woody-alen-vsechno-co-jste-kdy-chteli-vedet-o-sexu\/\" target=\"_self\"  style=\"height:300px\"><img loading=\"lazy\" decoding=\"async\" width=\"663\" height=\"967\" src=\"https:\/\/umeleckakoloniejosefov.cz\/wp-content\/uploads\/2026\/04\/woody.jpg\" class=\"attachment-full size-full wp-post-image\" alt=\"Woody Allen: V\u0161echno, co jste kdy cht\u011bli v\u011bdet o sexu &#8230;\" style=\"width:100%;height:100%;object-fit:cover;\" srcset=\"https:\/\/umeleckakoloniejosefov.cz\/wp-content\/uploads\/2026\/04\/woody.jpg 663w, https:\/\/umeleckakoloniejosefov.cz\/wp-content\/uploads\/2026\/04\/woody-206x300.jpg 206w\" sizes=\"auto, (max-width: 663px) 100vw, 663px\" \/><\/a><\/figure>\n\n\n<div style=\"height:100px\" aria-hidden=\"true\" class=\"wp-block-spacer\"><\/div>\n\n<\/li><li class=\"wp-block-post post-6516 post type-post status-publish format-standard has-post-thumbnail hentry category-nezarazene\">\n<h2 class=\"wp-block-post-title\">Bluegrass party<\/h2>\n\n<div class=\"wp-block-post-date\"><time datetime=\"2026-04-10T13:44:37+02:00\">10. 4. 2026<\/time><\/div>\n\n<figure style=\"aspect-ratio:1;height:300px;\" class=\"wp-block-post-featured-image\"><a href=\"https:\/\/umeleckakoloniejosefov.cz\/bluegrass-party\/\" target=\"_self\"  style=\"height:300px\"><img loading=\"lazy\" decoding=\"async\" width=\"789\" height=\"1024\" src=\"https:\/\/umeleckakoloniejosefov.cz\/wp-content\/uploads\/2026\/04\/bluegrass-17.4.-2026.jpeg\" class=\"attachment-full size-full wp-post-image\" alt=\"Bluegrass party\" style=\"width:100%;height:100%;object-fit:cover;\" srcset=\"https:\/\/umeleckakoloniejosefov.cz\/wp-content\/uploads\/2026\/04\/bluegrass-17.4.-2026.jpeg 789w, https:\/\/umeleckakoloniejosefov.cz\/wp-content\/uploads\/2026\/04\/bluegrass-17.4.-2026-231x300.jpeg 231w, https:\/\/umeleckakoloniejosefov.cz\/wp-content\/uploads\/2026\/04\/bluegrass-17.4.-2026-768x997.jpeg 768w\" sizes=\"auto, (max-width: 789px) 100vw, 789px\" \/><\/a><\/figure>\n\n\n<div style=\"height:100px\" aria-hidden=\"true\" class=\"wp-block-spacer\"><\/div>\n\n<\/li><\/ul><\/div>\n<\/div>\n\n\n\n<div class=\"wp-block-column is-vertically-aligned-center is-layout-flow wp-block-column-is-layout-flow\" style=\"flex-basis:50%\">\n<div class=\"wp-block-query is-layout-flow wp-block-query-is-layout-flow\"><ul class=\"wp-block-post-template is-layout-flow wp-block-post-template-is-layout-flow\"><li class=\"wp-block-post post-6509 post type-post status-publish format-standard has-post-thumbnail hentry category-nezarazene\">\n\n<div style=\"height:100px\" aria-hidden=\"true\" class=\"wp-block-spacer\"><\/div>\n\n\n<h2 class=\"wp-block-post-title\">Klenoty komorn\u00ed hudby<\/h2>\n\n<div class=\"wp-block-post-date\"><time datetime=\"2026-04-10T13:34:44+02:00\">10. 4. 2026<\/time><\/div>\n\n<figure style=\"aspect-ratio:1;height:300px;\" class=\"wp-block-post-featured-image\"><img loading=\"lazy\" decoding=\"async\" width=\"1414\" height=\"2000\" src=\"https:\/\/umeleckakoloniejosefov.cz\/wp-content\/uploads\/2026\/04\/Klenoty-komorni-hudby-11.4.-2026-1.png\" class=\"attachment-post-thumbnail size-post-thumbnail wp-post-image\" alt=\"\" style=\"width:100%;height:100%;object-fit:cover;\" srcset=\"https:\/\/umeleckakoloniejosefov.cz\/wp-content\/uploads\/2026\/04\/Klenoty-komorni-hudby-11.4.-2026-1.png 1414w, https:\/\/umeleckakoloniejosefov.cz\/wp-content\/uploads\/2026\/04\/Klenoty-komorni-hudby-11.4.-2026-1-212x300.png 212w, https:\/\/umeleckakoloniejosefov.cz\/wp-content\/uploads\/2026\/04\/Klenoty-komorni-hudby-11.4.-2026-1-724x1024.png 724w, https:\/\/umeleckakoloniejosefov.cz\/wp-content\/uploads\/2026\/04\/Klenoty-komorni-hudby-11.4.-2026-1-768x1086.png 768w, https:\/\/umeleckakoloniejosefov.cz\/wp-content\/uploads\/2026\/04\/Klenoty-komorni-hudby-11.4.-2026-1-1086x1536.png 1086w\" sizes=\"auto, (max-width: 1414px) 100vw, 1414px\" \/><\/figure>\n<\/li><li class=\"wp-block-post post-6487 post type-post status-publish format-standard has-post-thumbnail hentry category-nezarazene\">\n\n<div style=\"height:100px\" aria-hidden=\"true\" class=\"wp-block-spacer\"><\/div>\n\n\n<h2 class=\"wp-block-post-title\">Kurz v\u00fdroby tkan\u00e9ho \u0161perku<\/h2>\n\n<div class=\"wp-block-post-date\"><time datetime=\"2026-02-26T10:00:00+01:00\">26. 2. 2026<\/time><\/div>\n\n<figure style=\"aspect-ratio:1;height:300px;\" class=\"wp-block-post-featured-image\"><img loading=\"lazy\" decoding=\"async\" width=\"724\" height=\"1024\" src=\"https:\/\/umeleckakoloniejosefov.cz\/wp-content\/uploads\/2026\/03\/sperk-plakat.jpeg\" class=\"attachment-post-thumbnail size-post-thumbnail wp-post-image\" alt=\"\" style=\"width:100%;height:100%;object-fit:cover;\" srcset=\"https:\/\/umeleckakoloniejosefov.cz\/wp-content\/uploads\/2026\/03\/sperk-plakat.jpeg 724w, https:\/\/umeleckakoloniejosefov.cz\/wp-content\/uploads\/2026\/03\/sperk-plakat-212x300.jpeg 212w\" sizes=\"auto, (max-width: 724px) 100vw, 724px\" \/><\/figure>\n<\/li><\/ul><\/div>\n<\/div>\n<\/div>\n<\/div>\n\n\n\n<div class=\"wp-block-group alignfull has-global-padding is-layout-constrained wp-block-group-is-layout-constrained\" style=\"margin-top:0;margin-bottom:0\">\n<div style=\"height:var(--wp--preset--spacing--30)\" aria-hidden=\"true\" class=\"wp-block-spacer\"><\/div>\n<\/div>\n\n\n\n<div class=\"wp-block-group alignfull has-global-padding is-layout-constrained wp-block-group-is-layout-constrained\" style=\"margin-top:0;margin-bottom:0\"><\/div>\n\n\n\n<p><\/p>\n","protected":false},"excerpt":{"rendered":"<p>N\u00e1v\u0161t\u011bva Um\u011bleck\u00e9 kolonie Um\u011blci a ateli\u00e9ry Um\u011blci r\u016fzn\u00e9ho zam\u011b\u0159en\u00ed zde maj\u00ed sv\u00e9 ateli\u00e9ry a d\u00edlny. Prohl\u00e9dnout si m\u016f\u017eete i dal\u0161\u00ed inspirativn\u00ed historick\u00e9 prostory. St\u00e1l\u00e1 expozice a prohl\u00eddky St\u00e1l\u00e9 expozice, n\u011bkolik galeri\u00ed, kr\u00e1tkodob\u00e9 v\u00fdstavy a v letn\u00ed sez\u00f3n\u011b tak\u00e9 prohl\u00eddkov\u00fd okruh s pr\u016fvodcem. Bohat\u00fd program Po\u0159\u00e1d\u00e1me kulturn\u00ed akce pro ve\u0159ejnost, nap\u0159. vernis\u00e1\u017ee, koncerty, liter\u00e1rn\u00ed a filmov\u00e9 [&hellip;]<\/p>\n","protected":false},"author":1,"featured_media":0,"parent":0,"menu_order":2,"comment_status":"closed","ping_status":"closed","template":"","meta":{"footnotes":""},"class_list":["post-12","page","type-page","status-publish","hentry"],"_links":{"self":[{"href":"https:\/\/umeleckakoloniejosefov.cz\/wp-json\/wp\/v2\/pages\/12","targetHints":{"allow":["GET"]}}],"collection":[{"href":"https:\/\/umeleckakoloniejosefov.cz\/wp-json\/wp\/v2\/pages"}],"about":[{"href":"https:\/\/umeleckakoloniejosefov.cz\/wp-json\/wp\/v2\/types\/page"}],"author":[{"embeddable":true,"href":"https:\/\/umeleckakoloniejosefov.cz\/wp-json\/wp\/v2\/users\/1"}],"replies":[{"embeddable":true,"href":"https:\/\/umeleckakoloniejosefov.cz\/wp-json\/wp\/v2\/comments?post=12"}],"version-history":[{"count":21,"href":"https:\/\/umeleckakoloniejosefov.cz\/wp-json\/wp\/v2\/pages\/12\/revisions"}],"predecessor-version":[{"id":5760,"href":"https:\/\/umeleckakoloniejosefov.cz\/wp-json\/wp\/v2\/pages\/12\/revisions\/5760"}],"wp:attachment":[{"href":"https:\/\/umeleckakoloniejosefov.cz\/wp-json\/wp\/v2\/media?parent=12"}],"curies":[{"name":"wp","href":"https:\/\/api.w.org\/{rel}","templated":true}]}}